{"id":191,"date":"2020-04-20T03:04:54","date_gmt":"2020-04-20T02:04:54","guid":{"rendered":"https:\/\/shop.trimm.bike\/?post_type=product&#038;p=191"},"modified":"2023-06-22T01:50:38","modified_gmt":"2023-06-22T00:50:38","slug":"trimm-one-package-speed-sensor","status":"publish","type":"product","link":"https:\/\/shop.trimm.bike\/ja\/product\/trimm-one-package-speed-sensor\/","title":{"rendered":"\u30c8\u30ea\u30e0\u30ef\u30f3"},"content":{"rendered":"<div class=\"container noto-sans color-gray font-black\" style=\"text-align: center; word-break: keep-all;\">\r\n<div class=\"row my-5\">\r\n<div class=\"col\"><img decoding=\"async\" class=\"wp-image-410\" src=\"https:\/\/shop.trimm.bike\/wp-content\/uploads\/2020\/04\/colors-08.jpg\" alt=\"\" width=\"70%\" \/><\/div>\r\n<\/div>\r\n<div class=\"row my-5\">\r\n<div class=\"col\"><img decoding=\"async\" class=\"wp-image-411\" src=\"https:\/\/shop.trimm.bike\/wp-content\/uploads\/2020\/04\/product-section-logo-center.png\" alt=\"\" width=\"10%\" \/><\/div>\r\n<\/div>\r\n<div class=\"row mb-5\" style=\"margin-top: 4.5rem;\">\r\n<div class=\"col\"><span class=\"font-black-big color-black\">Ride with an edge<\/span><\/div>\r\n<\/div>\r\n<div class=\"row my-5\">\r\n<div class=\"col\">trimm One&#8217;s first-ever-in-the-industry\r\nlightweight aluminum-body enables\r\nits slim and elegant look.\r\nIt is truly a high-tech eye candy for your bike.<\/div>\r\n<\/div>\r\n<div class=\"row my-5\">\r\n<div class=\"col\"><img decoding=\"async\" class=\"wp-image-420\" src=\"https:\/\/shop.trimm.bike\/wp-content\/uploads\/2020\/04\/product-img-0.jpg\" alt=\"\" width=\"70%\" \/><\/div>\r\n<\/div>\r\n<div class=\"row my-5\">\r\n<div class=\"col\">It weights only <span class=\"color-black\">62 g<\/span>\r\nand has a thickness of <span class=\"color-black\">8.9 mm.<\/span>\r\nThis cutting-edge cycling computer\r\ncomes in <span class=\"\\&quot;color-black\\&quot;\">8 bold colors.<\/span><\/div>\r\n<\/div>\r\n<div class=\"row my-5\">\r\n<div class=\"col\"><img decoding=\"async\" class=\"wp-image-421\" src=\"https:\/\/shop.trimm.bike\/wp-content\/uploads\/2020\/04\/product-img-1.jpg\" alt=\"\" width=\"60%\" \/><\/div>\r\n<\/div>\r\n<div class=\"row my-5\">\r\n<div class=\"col\"><span class=\"color-black\">3.2 in.<\/span> Size, <span class=\"color-black\">200 DPI<\/span> resolution, High-contrast.\r\nThis wonderful display allows you to catch all data\r\nyou need with just a quick glance, day and night.<\/div>\r\n<\/div>\r\n<div class=\"row mb-5\" style=\"margin-top: 4.5rem;\">\r\n<div class=\"col-2 d-none d-sm-block\"><\/div>\r\n<div class=\"col d-block d-sm-none color-black font-black-big\">A single charge is good\r\nfor multiple rides.<\/div>\r\n<div class=\"col color-black font-black-big d-none d-sm-block\" style=\"background-image: url('https:\/\/shop.trimm.bike\/wp-content\/uploads\/2020\/04\/product-img-2-e1587349751772.jpg'); text-align: left; background-size: cover; height: 25rem;\">A single charge is good\r\nfor multiple rides.<\/div>\r\n<\/div>\r\n<div class=\"row my-5\">\r\n<div class=\"col-2 d-none d-sm-block\"><\/div>\r\n<div class=\"col\" style=\"text-align: left;\">trimm One&#8217;s innovative\r\n<span class=\"\\&quot;color-black\\&quot;\">battery management technology<\/span> realizes\r\nthe longest-in-the-industry battery life.\r\nIt saves energy for GPS tracking\r\nby utilizing the speed sensor.\r\nWith the speed sensor,\r\nit runs <span class=\"color-black\">up to 50 hours<\/span> after a single charge.\r\nEven without the sensor,\r\nit can operate <span class=\"color-black\">up to 15 hours.<\/span><\/div>\r\n<div class=\"col-2 d-none d-sm-block\"><\/div>\r\n<\/div>\r\n<div class=\"row my-5\">\r\n<div class=\"col-2 d-none d-sm-block\"><\/div>\r\n<div class=\"col\">\r\n<div class=\"row mx-auto my-5 align-items-center\" style=\"background-image: url('https:\/\/shop.trimm.bike\/wp-content\/uploads\/2020\/04\/product-img-3-0.png'); background-size: cover; width: 7.938rem; height: 7.938rem;\"><span class=\"mx-auto\">15hrs<\/span><\/div>\r\n<div class=\"row my-5\"><span class=\"mx-auto font-regular\" style=\"font-size: 1rem;\">trimm One Single Mode<\/span><\/div>\r\n<\/div>\r\n<div class=\"col\">\r\n<div class=\"row mx-auto my-5 align-items-center\" style=\"background-image: url('https:\/\/shop.trimm.bike\/wp-content\/uploads\/2020\/04\/product-img-3-1.png'); background-size: cover; width: 7.938rem; height: 7.938rem;\"><span class=\"mx-auto\">50hrs<\/span><\/div>\r\n<div class=\"row my-5\"><span class=\"mx-auto font-regular\" style=\"font-size: 1rem;\">timm One Compatible\r\nwith speed sensor<\/span><\/div>\r\n<\/div>\r\n<div class=\"col\">\r\n<div class=\"row mx-auto my-5 align-items-center\" style=\"background-image: url('https:\/\/shop.trimm.bike\/wp-content\/uploads\/2020\/04\/product-img-3-2.png'); background-size: cover; width: 7.938rem; height: 7.938rem;\"><span class=\"mx-auto\">50+\u03b1<\/span><\/div>\r\n<div class=\"row my-5\"><span class=\"mx-auto font-regular\" style=\"font-size: 1rem;\">timm One with Solar Charger<\/span><\/div>\r\n<\/div>\r\n<div class=\"col-2 d-none d-sm-block\"><\/div>\r\n<\/div>\r\n<div class=\"row mb-5\" style=\"margin-top: 4.5rem;\">\r\n<div class=\"col color-black font-black-big\">World-First\r\nSolar-Charging Cycling Computer<\/div>\r\n<\/div>\r\n<div class=\"row my-5\">\r\n<div class=\"col\"><img decoding=\"async\" class=\"wp-image-407\" src=\"https:\/\/shop.trimm.bike\/wp-content\/uploads\/2020\/04\/product-img-4.jpg\" alt=\"\" width=\"60%\" \/><\/div>\r\n<\/div>\r\n<div class=\"row my-5\">\r\n<div class=\"col\">With our <span class=\"color-black\">Run-Forever<\/span> solar charging technology,\r\nthe little power produced by a small solar charger\r\nis more than enough for trimm One\r\nto continue working without recharging.\r\nAs long as the sun is shining,\r\ntrimm One will never get tierd, just like you.<\/div>\r\n<\/div>\r\n<div class=\"py-3\" style=\"background-image: url('https:\/\/shop.trimm.bike\/wp-content\/uploads\/2020\/04\/product-img-5.png');\">\r\n<div class=\"row mb-5\" style=\"margin-top: 4.5rem;\">\r\n<div class=\"col color-white font-black-big\">Online Map &amp; Smart Navigation<\/div>\r\n<\/div>\r\n<div class=\"row my-5\">\r\n<div class=\"col\">Easy to plan a route to the destination with up to <span class=\"color-white\">30 way points.<\/span>\r\nThis can be done simply with few clicks on <span class=\"color-white\">trimm Cycling Center (App).<\/span>\r\nWe find the best path to the destination based on the up-to-date <span class=\"color-white\">OpenStreetMap\u2122.<\/span>\r\nOnce the trimm Cycling Center finds the route, you don&#8217;t need the mobile network connection any longer thanks to our <span class=\"color-white\">offline caching<\/span> technology.<\/div>\r\n<\/div>\r\n<\/div>\r\n<div class=\"row mb-5\" style=\"margin-top: 4.5rem;\">\r\n<div class=\"col color-black font-black-big\">Most Efficient &amp;\r\nMore Convenient<\/div>\r\n<\/div>\r\n<div class=\"row my-5\">\r\n<div class=\"col\"><img decoding=\"async\" class=\"wp-image-409\" src=\"https:\/\/shop.trimm.bike\/wp-content\/uploads\/2020\/04\/product-img-6.jpg\" alt=\"\" width=\"50%\" \/><\/div>\r\n<\/div>\r\n<div class=\"row my-5\">\r\n<div class=\"col\">Manual synchronization with your PC? It&#8217;s borthersome.\r\n<span class=\"color-black\">trimm Cycling Center<\/span> automatically synchronizes your data\r\nfrom trimm One during your trip.\r\nIf you change settings of your trimm One, including data field display and sensor connections, in the <span class=\"color-black\">trimm Cycling Center<\/span>, trimm One will reflect the change in a blink of an eye.\r\nThis is a truly smart way of using a cycling computer.<\/div>\r\n<\/div>\r\n<div class=\"row my-5\">\r\n<div class=\"col\"><img decoding=\"async\" class=\"wp-image-412\" src=\"https:\/\/shop.trimm.bike\/wp-content\/uploads\/2020\/04\/select_data_field.gif\" alt=\"\" width=\"80%\" \/><\/div>\r\n<\/div>\r\n<div class=\"row my-5\">\r\n<div class=\"col-sm-3 col-12 color-black\">Data Field Settings<\/div>\r\n<div class=\"col\" style=\"text-align: left;\">You can arrange the data field layout to your liking with the dedicated app in the intuitive UI. Customize a variety of data like distance, speed, altitude, cadence, heart rate, calories, and more. There are currently 5 layouts and more content will be updated in the future.<\/div>\r\n<\/div>\r\n<div class=\"row my-5\">\r\n<div class=\"col\"><img decoding=\"async\" class=\"size-medium wp-image-418\" src=\"https:\/\/shop.trimm.bike\/wp-content\/uploads\/2020\/04\/history.gif\" alt=\"\" width=\"80%\" \/><\/div>\r\n<\/div>\r\n<div class=\"row my-5\">\r\n<div class=\"col-sm-3 col-12 color-black\">Check driving history<\/div>\r\n<div class=\"col\" style=\"text-align: left;\">Please prepare again after riding. The dedicated app allows you to see details about your driving record. Improve your riding skills by analyzing maps and graphs comprehensively. You can also share your driving record quickly and easily.<\/div>\r\n<\/div>\r\n<div class=\"row my-5\">\r\n<div class=\"col\"><img decoding=\"async\" class=\"wp-image-419\" src=\"https:\/\/shop.trimm.bike\/wp-content\/uploads\/2020\/04\/notification.gif\" alt=\"\" width=\"80%\" \/><\/div>\r\n<\/div>\r\n<div class=\"row my-5\">\r\n<div class=\"col-sm-3 col-12 color-black\">Text message and\r\nPhone call notification<\/div>\r\n<div class=\"col\" style=\"text-align: left;\">Don&#8217;t miss important calls or messages while riding. Third-party applications such as KakaoTalk, Facebook, Instagram, Line, iMessage, and Snapchat can also receive notifications.<\/div>\r\n<\/div>\r\n<div class=\"row my-5\">\r\n<div class=\"col\"><img decoding=\"async\" class=\"wp-image-414\" src=\"https:\/\/shop.trimm.bike\/wp-content\/uploads\/2020\/04\/share_strava.gif\" alt=\"\" width=\"80%\" \/><\/div>\r\n<\/div>\r\n<div class=\"row my-5\">\r\n<div class=\"col-sm-3 col-12 color-black\">Strava Share<\/div>\r\n<div class=\"col\" style=\"text-align: left;\">Share your driving record with friends through the Strava Upload feature. You can also share it on Instagram and Facebook. Riding will be more fun with your friends.<\/div>\r\n<\/div>\r\n<div class=\"row mb-5\" style=\"margin-top: 4.5rem;\">\r\n<div class=\"col color-black font-black-big\">Go everywhere\r\nand explore the world.\r\ntrimm One is global.<\/div>\r\n<\/div>\r\n<div class=\"row my-5\">\r\n<div class=\"col\">trimm One supports\r\n<span class=\"color-black\">English, Espa\u00f1ol, Fran\u00e7aise, Portugu\u00eas, Italiano,\r\nDeutsche, Nederlands, \u4e2d\u6587, \u65e5\u672c\u8a9e, \ud55c\uad6d\uc5b4.\r\n<\/span> Contact us for more languages support.<\/div>\r\n<div><\/div>\r\n<\/div>\r\n<div class=\"row my-5\">\r\n<div class=\"col\" style=\"color: #0080ff;\">\u69cb\u6210\u54c1<\/div>\r\n<\/div>\r\n<div class=\"row my-5\">\r\n<div class=\"col\">trimmOne, Charging cable, Solar Charger, Mount, Rubber ring set<\/div>\r\n<\/div>\r\n<div class=\"row my-5\">\r\n<div class=\"col\"><img decoding=\"async\" class=\"wp-image-413\" src=\"https:\/\/shop.trimm.bike\/wp-content\/uploads\/2020\/04\/basicPack.jpg\" alt=\"\" width=\"80%\" \/><\/div>\r\n<div>(Option) Speed Sensor\r\n<img decoding=\"async\" loading=\"lazy\" class=\"alignnone size-full wp-image-596\" src=\"https:\/\/shop.trimm.bike\/wp-content\/uploads\/2021\/04\/Speed-Sensor.png\" alt=\"\" width=\"1040\" height=\"450\" srcset=\"https:\/\/shop.trimm.bike\/wp-content\/uploads\/2021\/04\/Speed-Sensor.png 1040w, https:\/\/shop.trimm.bike\/wp-content\/uploads\/2021\/04\/Speed-Sensor-300x130.png 300w, https:\/\/shop.trimm.bike\/wp-content\/uploads\/2021\/04\/Speed-Sensor-768x332.png 768w, https:\/\/shop.trimm.bike\/wp-content\/uploads\/2021\/04\/Speed-Sensor-1024x443.png 1024w, https:\/\/shop.trimm.bike\/wp-content\/uploads\/2021\/04\/Speed-Sensor-600x260.png 600w\" sizes=\"(max-width: 1040px) 100vw, 1040px\" \/><\/div>\r\n<\/div>\r\n<\/div>","protected":false},"excerpt":{"rendered":"<div class=\"col\" style=\"color: #0080ff; font-size: 1.5rem;\">\u69cb\u6210\u54c1<\/div>\n<div class=\"col\">trimmOne, Charging cable, Solar Charger, Mount, Rubber ring set<\/div>\n<div><img decoding=\"async\" loading=\"lazy\" class=\"alignnone size-full wp-image-224\" src=\"https:\/\/shop.trimm.bike\/wp-content\/uploads\/2020\/04\/basicPack.jpg\" alt=\"\" width=\"1200\" height=\"595\" srcset=\"https:\/\/shop.trimm.bike\/wp-content\/uploads\/2020\/04\/basicPack.jpg 1200w, https:\/\/shop.trimm.bike\/wp-content\/uploads\/2020\/04\/basicPack-300x149.jpg 300w, https:\/\/shop.trimm.bike\/wp-content\/uploads\/2020\/04\/basicPack-768x381.jpg 768w, https:\/\/shop.trimm.bike\/wp-content\/uploads\/2020\/04\/basicPack-1024x508.jpg 1024w, https:\/\/shop.trimm.bike\/wp-content\/uploads\/2020\/04\/basicPack-600x298.jpg 600w\" sizes=\"(max-width: 1200px) 100vw, 1200px\" \/><\/div>\n<div>(\u30aa\u30d7\u30b7\u30e7\u30f3) Speed sensor<\/div>\n<p><img decoding=\"async\" loading=\"lazy\" class=\"alignnone size-full wp-image-596\" src=\"https:\/\/shop.trimm.bike\/wp-content\/uploads\/2021\/04\/Speed-Sensor.png\" alt=\"\" width=\"1040\" height=\"450\" srcset=\"https:\/\/shop.trimm.bike\/wp-content\/uploads\/2021\/04\/Speed-Sensor.png 1040w, https:\/\/shop.trimm.bike\/wp-content\/uploads\/2021\/04\/Speed-Sensor-300x130.png 300w, https:\/\/shop.trimm.bike\/wp-content\/uploads\/2021\/04\/Speed-Sensor-768x332.png 768w, https:\/\/shop.trimm.bike\/wp-content\/uploads\/2021\/04\/Speed-Sensor-1024x443.png 1024w, https:\/\/shop.trimm.bike\/wp-content\/uploads\/2021\/04\/Speed-Sensor-600x260.png 600w\" sizes=\"(max-width: 1040px) 100vw, 1040px\" \/><\/p>","protected":false},"featured_media":320,"comment_status":"closed","ping_status":"closed","template":"","meta":{"site-sidebar-layout":"default","site-content-layout":"default","ast-site-content-layout":"","site-content-style":"default","site-sidebar-style":"default","ast-global-header-display":"","ast-banner-title-visibility":"","ast-main-header-display":"","ast-hfb-above-header-display":"","ast-hfb-below-header-display":"","ast-hfb-mobile-header-display":"","site-post-title":"","ast-breadcrumbs-content":"","ast-featured-img":"","footer-sml-layout":"","theme-transparent-header-meta":"default","adv-header-id-meta":"","stick-header-meta":"","header-above-stick-meta":"","header-main-stick-meta":"","header-below-stick-meta":"","astra-migrate-meta-layouts":""},"product_cat":[18],"product_tag":[],"_links":{"self":[{"href":"https:\/\/shop.trimm.bike\/ja\/wp-json\/wp\/v2\/product\/191"}],"collection":[{"href":"https:\/\/shop.trimm.bike\/ja\/wp-json\/wp\/v2\/product"}],"about":[{"href":"https:\/\/shop.trimm.bike\/ja\/wp-json\/wp\/v2\/types\/product"}],"replies":[{"embeddable":true,"href":"https:\/\/shop.trimm.bike\/ja\/wp-json\/wp\/v2\/comments?post=191"}],"wp:featuredmedia":[{"embeddable":true,"href":"https:\/\/shop.trimm.bike\/ja\/wp-json\/wp\/v2\/media\/320"}],"wp:attachment":[{"href":"https:\/\/shop.trimm.bike\/ja\/wp-json\/wp\/v2\/media?parent=191"}],"wp:term":[{"taxonomy":"product_cat","embeddable":true,"href":"https:\/\/shop.trimm.bike\/ja\/wp-json\/wp\/v2\/product_cat?post=191"},{"taxonomy":"product_tag","embeddable":true,"href":"https:\/\/shop.trimm.bike\/ja\/wp-json\/wp\/v2\/product_tag?post=191"}],"curies":[{"name":"wp","href":"https:\/\/api.w.org\/{rel}","templated":true}]}}